{"id":303,"date":"2021-07-30T12:45:17","date_gmt":"2021-07-30T10:45:17","guid":{"rendered":"http:\/\/biblioteka.brody.info.pl\/?page_id=303"},"modified":"2021-07-30T12:45:33","modified_gmt":"2021-07-30T10:45:33","slug":"polityk-prywatnosci","status":"publish","type":"page","link":"https:\/\/biblioteka.brody.info.pl\/?page_id=303","title":{"rendered":"Polityka Prywatno\u015bci"},"content":{"rendered":"\n<p>Polityka cookies sporz\u0105dzona zosta\u0142a zgodnie z obowi\u0105zkami wynikaj\u0105cymi z nowelizacji Prawa Telekomunikacyjnego, kt\u00f3re wesz\u0142y w \u017cycie 22 marca 2013 roku. Obowi\u0105zki te podobnie s\u0105 realizowane w ca\u0142ej Europie wskutek implementowania dyrektywy europejskiej.<\/p>\n\n\n\n<p>Niniejsza polityka cookies dotyczy us\u0142ug oferowanych w ramach tej strony (Serwis).<br>Serwis nie zbiera w spos\u00f3b automatyczny \u017cadnych informacji, z wyj\u0105tkiem informacji zawartych w plikach cookies.<\/p>\n\n\n\n<p>Pliki cookies (tzw. ciasteczka) stanowi\u0105 dane informatyczne, w szczeg\u00f3lno\u015bci pliki tekstowe, kt\u00f3re przechowywane s\u0105 w urz\u0105dzeniu ko\u0144cowym U\u017cytkownika Serwisu i przeznaczone s\u0105 do korzystania ze stron internetowych Serwisu. Cookies zazwyczaj zawieraj\u0105 nazw\u0119 strony internetowej, z kt\u00f3rej pochodz\u0105, czas przechowywania ich na urz\u0105dzeniu ko\u0144cowym oraz unikalny numer.<br>Podmiotem zamieszczaj\u0105cym na urz\u0105dzeniu ko\u0144cowym U\u017cytkownika Serwisu pliki cookies oraz uzyskuj\u0105cym do nich dost\u0119p jest operator tej strony.<\/p>\n\n\n\n<p>Pliki cookies wykorzystywane s\u0105 w celu:<\/p>\n\n\n\n<ul class=\"wp-block-list\"><li>dostosowania zawarto\u015bci stron internetowych do preferencji U\u017cytkownika oraz optymalizacji korzystania ze stron internetowych; w szczeg\u00f3lno\u015bci pliki te pozwalaj\u0105 rozpozna\u0107 urz\u0105dzenie U\u017cytkownika Serwisu i odpowiednio wy\u015bwietli\u0107 stron\u0119 internetow\u0105, dostosowan\u0105 do jego indywidualnych potrzeb;<\/li><li>tworzenia statystyk, kt\u00f3re pomagaj\u0105 zrozumie\u0107, w jaki spos\u00f3b U\u017cytkownicy Serwisu korzystaj\u0105 ze stron internetowych, co umo\u017cliwia ulepszanie ich struktury i zawarto\u015bci;<\/li><\/ul>\n\n\n\n<p>W ramach Serwisu stosowane s\u0105 dwa zasadnicze typy plik\u00f3w cookies: sesyjne (session cookies) oraz sta\u0142e (persistent cookies). Cookies sesyjne s\u0105 plikami tymczasowymi, kt\u00f3re przechowywane s\u0105 w urz\u0105dzeniu ko\u0144cowym U\u017cytkownika do czasu wylogowania, opuszczenia strony internetowej lub wy\u0142\u0105czenia oprogramowania (przegl\u0105darki internetowej). Sta\u0142e pliki cookies przechowywane s\u0105 w urz\u0105dzeniu ko\u0144cowym U\u017cytkownika przez czas okre\u015blony w parametrach plik\u00f3w cookies lub do czasu ich usuni\u0119cia przez U\u017cytkownika.<\/p>\n\n\n\n<p>W ramach Serwisu stosowane s\u0105 nast\u0119puj\u0105ce rodzaje plik\u00f3w cookies:<\/p>\n\n\n\n<ul class=\"wp-block-list\"><li>niezb\u0119dne pliki cookies, umo\u017cliwiaj\u0105ce korzystanie z us\u0142ug dost\u0119pnych w ramach Serwisu, np. uwierzytelniaj\u0105ce pliki cookies wykorzystywane do us\u0142ug wymagaj\u0105cych uwierzytelniania w ramach Serwisu;<\/li><li>pliki cookies s\u0142u\u017c\u0105ce do zapewnienia bezpiecze\u0144stwa, np. wykorzystywane do wykrywania nadu\u017cy\u0107 w zakresie uwierzytelniania w ramach Serwisu;<\/li><li>wydajno\u015bciowe pliki cookies, umo\u017cliwiaj\u0105ce zbieranie informacji o sposobie korzystania ze stron internetowych Serwisu;<\/li><li>funkcjonalne pliki cookies, umo\u017cliwiaj\u0105ce zapami\u0119tanie wybranych przez U\u017cytkownika ustawie\u0144 i personalizacj\u0119 interfejsu U\u017cytkownika, np. w zakresie wybranego j\u0119zyka lub regionu, z kt\u00f3rego pochodzi U\u017cytkownik, rozmiaru czcionki, wygl\u0105du strony internetowej itp.;<\/li><li>reklamowe pliki cookies, umo\u017cliwiaj\u0105ce dostarczanie U\u017cytkownikom tre\u015bci reklamowych bardziej dostosowanych do ich zainteresowa\u0144.<\/li><\/ul>\n\n\n\n<p>W wielu przypadkach oprogramowanie s\u0142u\u017c\u0105ce do przegl\u0105dania stron internetowych (przegl\u0105darka internetowa) domy\u015blnie dopuszcza przechowywanie plik\u00f3w cookies w urz\u0105dzeniu ko\u0144cowym U\u017cytkownika. U\u017cytkownicy Serwisu mog\u0105 dokona\u0107 w ka\u017cdym czasie zmiany ustawie\u0144 dotycz\u0105cych plik\u00f3w cookies. Ustawienia te mog\u0105 zosta\u0107 zmienione w szczeg\u00f3lno\u015bci w taki spos\u00f3b, aby blokowa\u0107 automatyczn\u0105 obs\u0142ug\u0119 plik\u00f3w cookies w ustawieniach przegl\u0105darki internetowej b\u0105d\u017a informowa\u0107 o ich ka\u017cdorazowym zamieszczeniu w urz\u0105dzeniu U\u017cytkownika Serwisu. Szczeg\u00f3\u0142owe informacje o mo\u017cliwo\u015bci i sposobach obs\u0142ugi plik\u00f3w cookies dost\u0119pne s\u0105 w ustawieniach oprogramowania (przegl\u0105darki internetowej).<\/p>\n\n\n\n<p>Operator Serwisu informuje, \u017ce ograniczenia stosowania plik\u00f3w cookies mog\u0105 wp\u0142yn\u0105\u0107 na niekt\u00f3re funkcjonalno\u015bci dost\u0119pne na stronach internetowych Serwisu.<\/p>\n\n\n\n<p>Pliki cookies zamieszczane w urz\u0105dzeniu ko\u0144cowym U\u017cytkownika Serwisu i wykorzystywane mog\u0105 by\u0107 r\u00f3wnie\u017c przez wsp\u00f3\u0142pracuj\u0105cych z operatorem Serwisu reklamodawc\u00f3w oraz partner\u00f3w.<\/p>\n\n\n\n<p>Wi\u0119cej informacji na temat plik\u00f3w cookies dost\u0119pnych jest pod adresem <a href=\"http:\/\/www.wszystkoociasteczkach.pl\">www.wszystkoociasteczkach.pl<\/a> lub w sekcji Pomoc w menu przegl\u0105darki internetowej.<\/p>\n","protected":false},"excerpt":{"rendered":"<p>Polityka cookies sporz\u0105dzona zosta\u0142a zgodnie z obowi\u0105zkami wynikaj\u0105cymi z nowelizacji Prawa Telekomunikacyjnego, kt\u00f3re wesz\u0142y w \u017cycie 22 marca 2013 roku. Obowi\u0105zki te podobnie s\u0105 realizowane w ca\u0142ej Europie wskutek implementowania dyrektywy europejskiej. Niniejsza polityka cookies dotyczy us\u0142ug oferowanych w ramach tej strony (Serwis).Serwis nie zbiera w spos\u00f3b automatyczny \u017cadnych informacji, z wyj\u0105tkiem informacji zawartych w &#8230; <\/p>\n<p class=\"read-more-container\"><a title=\"Polityka Prywatno\u015bci\" class=\"read-more button\" href=\"https:\/\/biblioteka.brody.info.pl\/?page_id=303#more-303\" aria-label=\"More on Polityka Prywatno\u015bci\">Czytaj dalej<\/a><\/p>\n","protected":false},"author":1,"featured_media":0,"parent":0,"menu_order":0,"comment_status":"closed","ping_status":"closed","template":"","meta":{"ngg_post_thumbnail":0,"footnotes":""},"class_list":["post-303","page","type-page","status-publish"],"yoast_head":"<!-- This site is optimized with the Yoast SEO plugin v26.1.1 - https:\/\/yoast.com\/wordpress\/plugins\/seo\/ -->\n<title>Polityka Prywatno\u015bci - Gminna Biblioteka Publiczna w Brodach<\/title>\n<meta name=\"robots\" content=\"index, follow, max-snippet:-1, max-image-preview:large, max-video-preview:-1\" \/>\n<link rel=\"canonical\" href=\"https:\/\/biblioteka.brody.info.pl\/?page_id=303\" \/>\n<meta property=\"og:locale\" content=\"pl_PL\" \/>\n<meta property=\"og:type\" content=\"article\" \/>\n<meta property=\"og:title\" content=\"Polityka Prywatno\u015bci - Gminna Biblioteka Publiczna w Brodach\" \/>\n<meta property=\"og:description\" content=\"Polityka cookies sporz\u0105dzona zosta\u0142a zgodnie z obowi\u0105zkami wynikaj\u0105cymi z nowelizacji Prawa Telekomunikacyjnego, kt\u00f3re wesz\u0142y w \u017cycie 22 marca 2013 roku. Obowi\u0105zki te podobnie s\u0105 realizowane w ca\u0142ej Europie wskutek implementowania dyrektywy europejskiej. Niniejsza polityka cookies dotyczy us\u0142ug oferowanych w ramach tej strony (Serwis).Serwis nie zbiera w spos\u00f3b automatyczny \u017cadnych informacji, z wyj\u0105tkiem informacji zawartych w ... Czytaj dalej\" \/>\n<meta property=\"og:url\" content=\"https:\/\/biblioteka.brody.info.pl\/?page_id=303\" \/>\n<meta property=\"og:site_name\" content=\"Gminna Biblioteka Publiczna w Brodach\" \/>\n<meta property=\"article:modified_time\" content=\"2021-07-30T10:45:33+00:00\" \/>\n<meta name=\"twitter:card\" content=\"summary_large_image\" \/>\n<meta name=\"twitter:label1\" content=\"Szacowany czas czytania\" \/>\n\t<meta name=\"twitter:data1\" content=\"3 minuty\" \/>\n<script type=\"application\/ld+json\" class=\"yoast-schema-graph\">{\"@context\":\"https:\/\/schema.org\",\"@graph\":[{\"@type\":\"WebPage\",\"@id\":\"https:\/\/biblioteka.brody.info.pl\/?page_id=303\",\"url\":\"https:\/\/biblioteka.brody.info.pl\/?page_id=303\",\"name\":\"Polityka Prywatno\u015bci - Gminna Biblioteka Publiczna w Brodach\",\"isPartOf\":{\"@id\":\"https:\/\/biblioteka.brody.info.pl\/#website\"},\"datePublished\":\"2021-07-30T10:45:17+00:00\",\"dateModified\":\"2021-07-30T10:45:33+00:00\",\"breadcrumb\":{\"@id\":\"https:\/\/biblioteka.brody.info.pl\/?page_id=303#breadcrumb\"},\"inLanguage\":\"pl-PL\",\"potentialAction\":[{\"@type\":\"ReadAction\",\"target\":[\"https:\/\/biblioteka.brody.info.pl\/?page_id=303\"]}]},{\"@type\":\"BreadcrumbList\",\"@id\":\"https:\/\/biblioteka.brody.info.pl\/?page_id=303#breadcrumb\",\"itemListElement\":[{\"@type\":\"ListItem\",\"position\":1,\"name\":\"Home\",\"item\":\"https:\/\/biblioteka.brody.info.pl\/\"},{\"@type\":\"ListItem\",\"position\":2,\"name\":\"Polityka Prywatno\u015bci\"}]},{\"@type\":\"WebSite\",\"@id\":\"https:\/\/biblioteka.brody.info.pl\/#website\",\"url\":\"https:\/\/biblioteka.brody.info.pl\/\",\"name\":\"Gminna Biblioteka Publiczna w Brodach\",\"description\":\"Kolejna witryna oparta na WordPressie\",\"publisher\":{\"@id\":\"https:\/\/biblioteka.brody.info.pl\/#organization\"},\"potentialAction\":[{\"@type\":\"SearchAction\",\"target\":{\"@type\":\"EntryPoint\",\"urlTemplate\":\"https:\/\/biblioteka.brody.info.pl\/?s={search_term_string}\"},\"query-input\":{\"@type\":\"PropertyValueSpecification\",\"valueRequired\":true,\"valueName\":\"search_term_string\"}}],\"inLanguage\":\"pl-PL\"},{\"@type\":\"Organization\",\"@id\":\"https:\/\/biblioteka.brody.info.pl\/#organization\",\"name\":\"Gminna Biblioteka Publiczna w Brodach\",\"url\":\"https:\/\/biblioteka.brody.info.pl\/\",\"logo\":{\"@type\":\"ImageObject\",\"inLanguage\":\"pl-PL\",\"@id\":\"https:\/\/biblioteka.brody.info.pl\/#\/schema\/logo\/image\/\",\"url\":\"https:\/\/biblioteka.brody.info.pl\/wp-content\/uploads\/2021\/07\/cropped-BRODY-herb.jpg\",\"contentUrl\":\"https:\/\/biblioteka.brody.info.pl\/wp-content\/uploads\/2021\/07\/cropped-BRODY-herb.jpg\",\"width\":120,\"height\":133,\"caption\":\"Gminna Biblioteka Publiczna w Brodach\"},\"image\":{\"@id\":\"https:\/\/biblioteka.brody.info.pl\/#\/schema\/logo\/image\/\"}}]}<\/script>\n<!-- \/ Yoast SEO plugin. -->","yoast_head_json":{"title":"Polityka Prywatno\u015bci - Gminna Biblioteka Publiczna w Brodach","robots":{"index":"index","follow":"follow","max-snippet":"max-snippet:-1","max-image-preview":"max-image-preview:large","max-video-preview":"max-video-preview:-1"},"canonical":"https:\/\/biblioteka.brody.info.pl\/?page_id=303","og_locale":"pl_PL","og_type":"article","og_title":"Polityka Prywatno\u015bci - Gminna Biblioteka Publiczna w Brodach","og_description":"Polityka cookies sporz\u0105dzona zosta\u0142a zgodnie z obowi\u0105zkami wynikaj\u0105cymi z nowelizacji Prawa Telekomunikacyjnego, kt\u00f3re wesz\u0142y w \u017cycie 22 marca 2013 roku. Obowi\u0105zki te podobnie s\u0105 realizowane w ca\u0142ej Europie wskutek implementowania dyrektywy europejskiej. Niniejsza polityka cookies dotyczy us\u0142ug oferowanych w ramach tej strony (Serwis).Serwis nie zbiera w spos\u00f3b automatyczny \u017cadnych informacji, z wyj\u0105tkiem informacji zawartych w ... Czytaj dalej","og_url":"https:\/\/biblioteka.brody.info.pl\/?page_id=303","og_site_name":"Gminna Biblioteka Publiczna w Brodach","article_modified_time":"2021-07-30T10:45:33+00:00","twitter_card":"summary_large_image","twitter_misc":{"Szacowany czas czytania":"3 minuty"},"schema":{"@context":"https:\/\/schema.org","@graph":[{"@type":"WebPage","@id":"https:\/\/biblioteka.brody.info.pl\/?page_id=303","url":"https:\/\/biblioteka.brody.info.pl\/?page_id=303","name":"Polityka Prywatno\u015bci - Gminna Biblioteka Publiczna w Brodach","isPartOf":{"@id":"https:\/\/biblioteka.brody.info.pl\/#website"},"datePublished":"2021-07-30T10:45:17+00:00","dateModified":"2021-07-30T10:45:33+00:00","breadcrumb":{"@id":"https:\/\/biblioteka.brody.info.pl\/?page_id=303#breadcrumb"},"inLanguage":"pl-PL","potentialAction":[{"@type":"ReadAction","target":["https:\/\/biblioteka.brody.info.pl\/?page_id=303"]}]},{"@type":"BreadcrumbList","@id":"https:\/\/biblioteka.brody.info.pl\/?page_id=303#breadcrumb","itemListElement":[{"@type":"ListItem","position":1,"name":"Home","item":"https:\/\/biblioteka.brody.info.pl\/"},{"@type":"ListItem","position":2,"name":"Polityka Prywatno\u015bci"}]},{"@type":"WebSite","@id":"https:\/\/biblioteka.brody.info.pl\/#website","url":"https:\/\/biblioteka.brody.info.pl\/","name":"Gminna Biblioteka Publiczna w Brodach","description":"Kolejna witryna oparta na WordPressie","publisher":{"@id":"https:\/\/biblioteka.brody.info.pl\/#organization"},"potentialAction":[{"@type":"SearchAction","target":{"@type":"EntryPoint","urlTemplate":"https:\/\/biblioteka.brody.info.pl\/?s={search_term_string}"},"query-input":{"@type":"PropertyValueSpecification","valueRequired":true,"valueName":"search_term_string"}}],"inLanguage":"pl-PL"},{"@type":"Organization","@id":"https:\/\/biblioteka.brody.info.pl\/#organization","name":"Gminna Biblioteka Publiczna w Brodach","url":"https:\/\/biblioteka.brody.info.pl\/","logo":{"@type":"ImageObject","inLanguage":"pl-PL","@id":"https:\/\/biblioteka.brody.info.pl\/#\/schema\/logo\/image\/","url":"https:\/\/biblioteka.brody.info.pl\/wp-content\/uploads\/2021\/07\/cropped-BRODY-herb.jpg","contentUrl":"https:\/\/biblioteka.brody.info.pl\/wp-content\/uploads\/2021\/07\/cropped-BRODY-herb.jpg","width":120,"height":133,"caption":"Gminna Biblioteka Publiczna w Brodach"},"image":{"@id":"https:\/\/biblioteka.brody.info.pl\/#\/schema\/logo\/image\/"}}]}},"_links":{"self":[{"href":"https:\/\/biblioteka.brody.info.pl\/index.php?rest_route=\/wp\/v2\/pages\/303","targetHints":{"allow":["GET"]}}],"collection":[{"href":"https:\/\/biblioteka.brody.info.pl\/index.php?rest_route=\/wp\/v2\/pages"}],"about":[{"href":"https:\/\/biblioteka.brody.info.pl\/index.php?rest_route=\/wp\/v2\/types\/page"}],"author":[{"embeddable":true,"href":"https:\/\/biblioteka.brody.info.pl\/index.php?rest_route=\/wp\/v2\/users\/1"}],"replies":[{"embeddable":true,"href":"https:\/\/biblioteka.brody.info.pl\/index.php?rest_route=%2Fwp%2Fv2%2Fcomments&post=303"}],"version-history":[{"count":2,"href":"https:\/\/biblioteka.brody.info.pl\/index.php?rest_route=\/wp\/v2\/pages\/303\/revisions"}],"predecessor-version":[{"id":305,"href":"https:\/\/biblioteka.brody.info.pl\/index.php?rest_route=\/wp\/v2\/pages\/303\/revisions\/305"}],"wp:attachment":[{"href":"https:\/\/biblioteka.brody.info.pl\/index.php?rest_route=%2Fwp%2Fv2%2Fmedia&parent=303"}],"curies":[{"name":"wp","href":"https:\/\/api.w.org\/{rel}","templated":true}]}}